{"id":82,"date":"2025-07-31T15:48:36","date_gmt":"2025-07-31T18:48:36","guid":{"rendered":"http:\/\/santuariodmbasilicadelsalvador.cl\/?page_id=82"},"modified":"2025-08-07T13:12:41","modified_gmt":"2025-08-07T16:12:41","slug":"apostoles-de-la-misericordia","status":"publish","type":"page","link":"https:\/\/santuariodmbasilicadelsalvador.cl\/index.php\/apostoles-de-la-misericordia\/","title":{"rendered":"Ap\u00f3stoles de la Misericordia"},"content":{"rendered":"\t\t<div data-elementor-type=\"wp-page\" data-elementor-id=\"82\" class=\"elementor elementor-82\">\n\t\t\t\t<div class=\"elementor-element elementor-element-43d84d2 e-flex e-con-boxed e-con e-parent\" data-id=\"43d84d2\" data-element_type=\"container\">\n\t\t\t\t\t<div class=\"e-con-inner\">\n\t\t\t\t<div class=\"elementor-element elementor-element-0896e09 elementor-widget elementor-widget-heading\" data-id=\"0896e09\" data-element_type=\"widget\" data-widget_type=\"heading.default\">\n\t\t\t\t\t<h2 class=\"elementor-heading-title elementor-size-default\">Ap\u00f3stoles de la Misericordia.<\/h2>\t\t\t\t<\/div>\n\t\t\t\t\t<\/div>\n\t\t\t\t<\/div>\n\t\t<div class=\"elementor-element elementor-element-33873a6 e-flex e-con-boxed e-con e-parent\" data-id=\"33873a6\" data-element_type=\"container\">\n\t\t\t\t\t<div class=\"e-con-inner\">\n\t\t\t\t<div class=\"elementor-element elementor-element-05859e7 elementor-widget elementor-widget-text-editor\" data-id=\"05859e7\" data-element_type=\"widget\" data-widget_type=\"text-editor.default\">\n\t\t\t\t\t\t\t\t\t<p data-start=\"214\" data-end=\"297\"><strong data-start=\"214\" data-end=\"297\">&#8220;Sean misericordiosos, como el Padre de ustedes es misericordioso&#8221; (Lucas 6,36)<\/strong><\/p><p data-start=\"299\" data-end=\"527\">Los <em data-start=\"303\" data-end=\"333\">Ap\u00f3stoles de la Misericordia<\/em> son personas que desean vivir cada d\u00eda m\u00e1s cerca de Jes\u00fas de la Misericordia. Se re\u00fanen con regularidad para compartir, orar y reflexionar sobre c\u00f3mo hacer de la misericordia un estilo de vida.<\/p><p data-start=\"529\" data-end=\"663\">En comunidad, buscan que su vida se parezca cada vez m\u00e1s a la de Jes\u00fas: con compasi\u00f3n, perd\u00f3n, humildad y amor concreto por los dem\u00e1s.<\/p><p data-start=\"665\" data-end=\"790\">Si sientes el deseo de crecer espiritualmente y vivir la misericordia en tu vida diaria, <strong data-start=\"754\" data-end=\"789\">esta pastoral puede ser para ti<\/strong>.<\/p><blockquote data-start=\"792\" data-end=\"861\"><p data-start=\"794\" data-end=\"861\">Jes\u00fas Misericordioso, transforma nuestro coraz\u00f3n a imagen del tuyo.<\/p><\/blockquote>\t\t\t\t\t\t\t\t<\/div>\n\t\t\t\t\t<\/div>\n\t\t\t\t<\/div>\n\t\t\t\t<\/div>\n\t\t","protected":false},"excerpt":{"rendered":"<p>Ap\u00f3stoles de la Misericordia. &#8220;Sean misericordiosos, como el Padre de ustedes es misericordioso&#8221; (Lucas 6,36) Los Ap\u00f3stoles de la Misericordia son personas que desean vivir cada d\u00eda m\u00e1s cerca de Jes\u00fas de la Misericordia. Se re\u00fanen con regularidad para compartir, orar y reflexionar sobre c\u00f3mo hacer de la misericordia un estilo de vida. En comunidad,&#8230;<\/p>\n","protected":false},"author":1,"featured_media":0,"parent":0,"menu_order":0,"comment_status":"closed","ping_status":"closed","template":"","meta":{"_kad_post_transparent":"","_kad_post_title":"hide","_kad_post_layout":"fullwidth","_kad_post_sidebar_id":"","_kad_post_content_style":"unboxed","_kad_post_vertical_padding":"hide","_kad_post_feature":"hide","_kad_post_feature_position":"","_kad_post_header":false,"_kad_post_footer":false,"footnotes":""},"class_list":["post-82","page","type-page","status-publish","hentry"],"_links":{"self":[{"href":"https:\/\/santuariodmbasilicadelsalvador.cl\/index.php\/wp-json\/wp\/v2\/pages\/82","targetHints":{"allow":["GET"]}}],"collection":[{"href":"https:\/\/santuariodmbasilicadelsalvador.cl\/index.php\/wp-json\/wp\/v2\/pages"}],"about":[{"href":"https:\/\/santuariodmbasilicadelsalvador.cl\/index.php\/wp-json\/wp\/v2\/types\/page"}],"author":[{"embeddable":true,"href":"https:\/\/santuariodmbasilicadelsalvador.cl\/index.php\/wp-json\/wp\/v2\/users\/1"}],"replies":[{"embeddable":true,"href":"https:\/\/santuariodmbasilicadelsalvador.cl\/index.php\/wp-json\/wp\/v2\/comments?post=82"}],"version-history":[{"count":4,"href":"https:\/\/santuariodmbasilicadelsalvador.cl\/index.php\/wp-json\/wp\/v2\/pages\/82\/revisions"}],"predecessor-version":[{"id":177,"href":"https:\/\/santuariodmbasilicadelsalvador.cl\/index.php\/wp-json\/wp\/v2\/pages\/82\/revisions\/177"}],"wp:attachment":[{"href":"https:\/\/santuariodmbasilicadelsalvador.cl\/index.php\/wp-json\/wp\/v2\/media?parent=82"}],"curies":[{"name":"wp","href":"https:\/\/api.w.org\/{rel}","templated":true}]}}