{"id":80,"date":"2025-07-31T15:48:19","date_gmt":"2025-07-31T18:48:19","guid":{"rendered":"http:\/\/santuariodmbasilicadelsalvador.cl\/?page_id=80"},"modified":"2025-08-05T16:35:00","modified_gmt":"2025-08-05T19:35:00","slug":"pastoral-matrimonios-en-misericordia","status":"publish","type":"page","link":"https:\/\/santuariodmbasilicadelsalvador.cl\/index.php\/pastoral-matrimonios-en-misericordia\/","title":{"rendered":"Pastoral &#8220;Matrimonios en Misericordia&#8221;"},"content":{"rendered":"\t\t<div data-elementor-type=\"wp-page\" data-elementor-id=\"80\" class=\"elementor elementor-80\">\n\t\t\t\t<div class=\"elementor-element elementor-element-409972e e-flex e-con-boxed e-con e-parent\" data-id=\"409972e\" data-element_type=\"container\">\n\t\t\t\t\t<div class=\"e-con-inner\">\n\t\t<div class=\"elementor-element elementor-element-e53a6f9 e-con-full e-flex e-con e-child\" data-id=\"e53a6f9\" data-element_type=\"container\">\n\t\t\t\t<div class=\"elementor-element elementor-element-8eba3b0 elementor-widget__width-inherit elementor-widget elementor-widget-image\" data-id=\"8eba3b0\" data-element_type=\"widget\" data-widget_type=\"image.default\">\n\t\t\t\t\t\t\t\t\t\t\t\t\t\t\t<img fetchpriority=\"high\" decoding=\"async\" width=\"1024\" height=\"502\" src=\"https:\/\/santuariodmbasilicadelsalvador.cl\/wp-content\/uploads\/2025\/08\/Diseno-sin-titulo.jpg\" class=\"attachment-large size-large wp-image-131\" alt=\"\" \/>\t\t\t\t\t\t\t\t\t\t\t\t\t\t\t<\/div>\n\t\t\t\t<\/div>\n\t\t<div class=\"elementor-element elementor-element-6dfc2db e-con-full e-flex e-con e-child\" data-id=\"6dfc2db\" data-element_type=\"container\">\n\t\t\t\t<div class=\"elementor-element elementor-element-f772288 elementor-widget__width-inherit elementor-widget elementor-widget-heading\" data-id=\"f772288\" data-element_type=\"widget\" data-widget_type=\"heading.default\">\n\t\t\t\t\t<h2 class=\"elementor-heading-title elementor-size-default\">Matrimonios en Misericordia<\/h2>\t\t\t\t<\/div>\n\t\t\t\t<div class=\"elementor-element elementor-element-c5ed1a9 elementor-widget elementor-widget-text-editor\" data-id=\"c5ed1a9\" data-element_type=\"widget\" data-widget_type=\"text-editor.default\">\n\t\t\t\t\t\t\t\t\t<p data-start=\"328\" data-end=\"559\">La pastoral <strong data-start=\"340\" data-end=\"383\">&#8220;Matrimonios en Misericordia&#8221;<\/strong> es un espacio de encuentro, oraci\u00f3n y acompa\u00f1amiento espiritual dirigido a matrimonios y parejas que deseen construir una vida en com\u00fan m\u00e1s sana, amorosa y centrada en Cristo.<\/p><p data-start=\"328\" data-end=\"559\">Creemos firmemente que solo Jes\u00fas, en su infinita Misericordia, es capaz de sanar las heridas, restaurar lo que parece perdido y guiar a las parejas hacia una relaci\u00f3n aut\u00e9ntica, llena de amor, perd\u00f3n y esperanza.<\/p>\t\t\t\t\t\t\t\t<\/div>\n\t\t\t\t<\/div>\n\t\t\t\t\t<\/div>\n\t\t\t\t<\/div>\n\t\t<div class=\"elementor-element elementor-element-8ca8982 e-flex e-con-boxed e-con e-parent\" data-id=\"8ca8982\" data-element_type=\"container\">\n\t\t\t\t\t<div class=\"e-con-inner\">\n\t\t\t\t<div class=\"elementor-element elementor-element-8748155 elementor-widget elementor-widget-heading\" data-id=\"8748155\" data-element_type=\"widget\" data-widget_type=\"heading.default\">\n\t\t\t\t\t<h2 class=\"elementor-heading-title elementor-size-default\">\u00bfA qui\u00e9n est\u00e1 dirigida esta pastoral?<\/h2>\t\t\t\t<\/div>\n\t\t\t\t\t<\/div>\n\t\t\t\t<\/div>\n\t\t<div class=\"elementor-element elementor-element-e0b8f4e e-flex e-con-boxed e-con e-parent\" data-id=\"e0b8f4e\" data-element_type=\"container\">\n\t\t\t\t\t<div class=\"e-con-inner\">\n\t\t\t\t<div class=\"elementor-element elementor-element-cf3a65a elementor-widget elementor-widget-text-editor\" data-id=\"cf3a65a\" data-element_type=\"widget\" data-widget_type=\"text-editor.default\">\n\t\t\t\t\t\t\t\t\t<ul><li data-start=\"818\" data-end=\"871\"><p data-start=\"820\" data-end=\"871\">A matrimonios que atraviesan dificultades o crisis.<\/p><\/li><li data-start=\"872\" data-end=\"943\"><p data-start=\"874\" data-end=\"943\">A parejas que desean crecer espiritualmente y fortalecer su relaci\u00f3n.<\/p><\/li><li data-start=\"944\" data-end=\"1010\"><p data-start=\"946\" data-end=\"1010\">A quienes anhelan poner a Jes\u00fas como centro de su vida conyugal.<\/p><\/li><\/ul>\t\t\t\t\t\t\t\t<\/div>\n\t\t\t\t\t<\/div>\n\t\t\t\t<\/div>\n\t\t<div class=\"elementor-element elementor-element-dd11b78 e-flex e-con-boxed e-con e-parent\" data-id=\"dd11b78\" data-element_type=\"container\">\n\t\t\t\t\t<div class=\"e-con-inner\">\n\t\t\t\t<div class=\"elementor-element elementor-element-25471f0 elementor-widget elementor-widget-heading\" data-id=\"25471f0\" data-element_type=\"widget\" data-widget_type=\"heading.default\">\n\t\t\t\t\t<h2 class=\"elementor-heading-title elementor-size-default\">\u00bfQu\u00e9 ofrecemos?<\/h2>\t\t\t\t<\/div>\n\t\t\t\t\t<\/div>\n\t\t\t\t<\/div>\n\t\t<div class=\"elementor-element elementor-element-ff09075 e-flex e-con-boxed e-con e-parent\" data-id=\"ff09075\" data-element_type=\"container\">\n\t\t\t\t\t<div class=\"e-con-inner\">\n\t\t\t\t<div class=\"elementor-element elementor-element-193aac6 elementor-widget elementor-widget-text-editor\" data-id=\"193aac6\" data-element_type=\"widget\" data-widget_type=\"text-editor.default\">\n\t\t\t\t\t\t\t\t\t<ul><li data-start=\"1032\" data-end=\"1081\"><p data-start=\"1034\" data-end=\"1081\">Encuentros de oraci\u00f3n y reflexi\u00f3n en comunidad.<\/p><\/li><li data-start=\"1082\" data-end=\"1143\"><p data-start=\"1084\" data-end=\"1143\">Acompa\u00f1amiento espiritual basado en la Divina Misericordia.<\/p><\/li><li data-start=\"1144\" data-end=\"1222\"><p data-start=\"1146\" data-end=\"1222\">Un espacio seguro para compartir, sanar y renovar el compromiso matrimonial.<\/p><\/li><\/ul>\t\t\t\t\t\t\t\t<\/div>\n\t\t\t\t\t<\/div>\n\t\t\t\t<\/div>\n\t\t<div class=\"elementor-element elementor-element-96bb1a7 e-flex e-con-boxed e-con e-parent\" data-id=\"96bb1a7\" data-element_type=\"container\">\n\t\t\t\t\t<div class=\"e-con-inner\">\n\t\t\t\t<div class=\"elementor-element elementor-element-c41bdd9 elementor-widget elementor-widget-text-editor\" data-id=\"c41bdd9\" data-element_type=\"widget\" data-widget_type=\"text-editor.default\">\n\t\t\t\t\t\t\t\t\t<p><strong>Entregados en la miseria de nuestros corazones para que Jes\u00fas que todo lo puede, restaure mi vida y la de nuestra pareja.<\/strong><\/p>\t\t\t\t\t\t\t\t<\/div>\n\t\t\t\t\t<\/div>\n\t\t\t\t<\/div>\n\t\t<div class=\"elementor-element elementor-element-fe714b8 e-flex e-con-boxed e-con e-parent\" data-id=\"fe714b8\" data-element_type=\"container\">\n\t\t\t\t\t<div class=\"e-con-inner\">\n\t\t\t\t<div class=\"elementor-element elementor-element-56673bc elementor-widget elementor-widget-heading\" data-id=\"56673bc\" data-element_type=\"widget\" data-widget_type=\"heading.default\">\n\t\t\t\t\t<h2 class=\"elementor-heading-title elementor-size-default\">\u00bfTe gustar\u00eda participar?<\/h2>\t\t\t\t<\/div>\n\t\t\t\t\t<\/div>\n\t\t\t\t<\/div>\n\t\t<div class=\"elementor-element elementor-element-52a615f e-flex e-con-boxed e-con e-parent\" data-id=\"52a615f\" data-element_type=\"container\">\n\t\t\t\t\t<div class=\"e-con-inner\">\n\t\t\t\t<div class=\"elementor-element elementor-element-14129e2 elementor-widget elementor-widget-text-editor\" data-id=\"14129e2\" data-element_type=\"widget\" data-widget_type=\"text-editor.default\">\n\t\t\t\t\t\t\t\t\t<p><strong>Inscr\u00edbete en este link para participar.\u00a0<\/strong><\/p><p><a href=\"https:\/\/docs.google.com\/forms\/d\/e\/1FAIpQLSegkFlMPNucdxWUYiZMUkxH9nTqFcD5ZYqDXwNNvaiI3Zu1vQ\/viewform\">https:\/\/docs.google.com\/forms\/d\/e\/1FAIpQLSegkFlMPNucdxWUYiZMUkxH9nTqFcD5ZYqDXwNNvaiI3Zu1vQ\/viewform<\/a><\/p><p><strong>Si tienes preguntas escribe a los siguientes n\u00fameros:\u00a0<\/strong><\/p><p data-pm-slice=\"1 1 []\">Jhony Ch\u00e1vez +569 6443 3614<\/p><p data-pm-slice=\"1 1 []\">\u00a0Jairelyn Puerta + 569 6443 6799<\/p>\t\t\t\t\t\t\t\t<\/div>\n\t\t\t\t\t<\/div>\n\t\t\t\t<\/div>\n\t\t<div class=\"elementor-element elementor-element-20667dd e-flex e-con-boxed e-con e-parent\" data-id=\"20667dd\" data-element_type=\"container\">\n\t\t\t\t\t<div class=\"e-con-inner\">\n\t\t\t\t<div class=\"elementor-element elementor-element-cd8551d elementor-arrows-position-inside elementor-pagination-position-outside elementor-widget elementor-widget-image-carousel\" data-id=\"cd8551d\" data-element_type=\"widget\" data-settings=\"{&quot;slides_to_show&quot;:&quot;1&quot;,&quot;navigation&quot;:&quot;both&quot;,&quot;autoplay&quot;:&quot;yes&quot;,&quot;pause_on_hover&quot;:&quot;yes&quot;,&quot;pause_on_interaction&quot;:&quot;yes&quot;,&quot;autoplay_speed&quot;:5000,&quot;infinite&quot;:&quot;yes&quot;,&quot;effect&quot;:&quot;slide&quot;,&quot;speed&quot;:500}\" data-widget_type=\"image-carousel.default\">\n\t\t\t\t\t\t\t<div class=\"elementor-image-carousel-wrapper swiper\" role=\"region\" aria-roledescription=\"carousel\" aria-label=\"Carrusel de im\u00e1genes\" dir=\"ltr\">\n\t\t\t<div class=\"elementor-image-carousel swiper-wrapper\" aria-live=\"off\">\n\t\t\t\t\t\t\t\t<div class=\"swiper-slide\" role=\"group\" aria-roledescription=\"slide\" aria-label=\"1 de 3\"><figure class=\"swiper-slide-inner\"><img decoding=\"async\" class=\"swiper-slide-image\" src=\"https:\/\/santuariodmbasilicadelsalvador.cl\/wp-content\/uploads\/2025\/08\/Imagen-de-WhatsApp-2025-07-27-a-las-11.39.43_aa2f91a5.jpg\" alt=\"Imagen de WhatsApp 2025-07-27 a las 11.39.43_aa2f91a5\" \/><\/figure><\/div><div class=\"swiper-slide\" role=\"group\" aria-roledescription=\"slide\" aria-label=\"2 de 3\"><figure class=\"swiper-slide-inner\"><img decoding=\"async\" class=\"swiper-slide-image\" src=\"https:\/\/santuariodmbasilicadelsalvador.cl\/wp-content\/uploads\/2025\/08\/Imagen-de-WhatsApp-2025-07-12-a-las-22.21.10_a9977b1d.jpg\" alt=\"Imagen de WhatsApp 2025-07-12 a las 22.21.10_a9977b1d\" \/><\/figure><\/div><div class=\"swiper-slide\" role=\"group\" aria-roledescription=\"slide\" aria-label=\"3 de 3\"><figure class=\"swiper-slide-inner\"><img decoding=\"async\" class=\"swiper-slide-image\" src=\"https:\/\/santuariodmbasilicadelsalvador.cl\/wp-content\/uploads\/2025\/08\/Imagen-de-WhatsApp-2025-07-12-a-las-22.21.10_f0db2315.jpg\" alt=\"Imagen de WhatsApp 2025-07-12 a las 22.21.10_f0db2315\" \/><\/figure><\/div>\t\t\t<\/div>\n\t\t\t\t\t\t\t\t\t\t\t\t<div class=\"elementor-swiper-button elementor-swiper-button-prev\" role=\"button\" tabindex=\"0\">\n\t\t\t\t\t\t<svg aria-hidden=\"true\" class=\"e-font-icon-svg e-fas-arrow-circle-left\" viewBox=\"0 0 512 512\" xmlns=\"http:\/\/www.w3.org\/2000\/svg\"><path d=\"M256 504C119 504 8 393 8 256S119 8 256 8s248 111 248 248-111 248-248 248zm28.9-143.6L209.4 288H392c13.3 0 24-10.7 24-24v-16c0-13.3-10.7-24-24-24H209.4l75.5-72.4c9.7-9.3 9.9-24.8.4-34.3l-11-10.9c-9.4-9.4-24.6-9.4-33.9 0L107.7 239c-9.4 9.4-9.4 24.6 0 33.9l132.7 132.7c9.4 9.4 24.6 9.4 33.9 0l11-10.9c9.5-9.5 9.3-25-.4-34.3z\"><\/path><\/svg>\t\t\t\t\t<\/div>\n\t\t\t\t\t<div class=\"elementor-swiper-button elementor-swiper-button-next\" role=\"button\" tabindex=\"0\">\n\t\t\t\t\t\t<svg aria-hidden=\"true\" class=\"e-font-icon-svg e-fas-arrow-circle-right\" viewBox=\"0 0 512 512\" xmlns=\"http:\/\/www.w3.org\/2000\/svg\"><path d=\"M256 8c137 0 248 111 248 248S393 504 256 504 8 393 8 256 119 8 256 8zm-28.9 143.6l75.5 72.4H120c-13.3 0-24 10.7-24 24v16c0 13.3 10.7 24 24 24h182.6l-75.5 72.4c-9.7 9.3-9.9 24.8-.4 34.3l11 10.9c9.4 9.4 24.6 9.4 33.9 0L404.3 273c9.4-9.4 9.4-24.6 0-33.9L271.6 106.3c-9.4-9.4-24.6-9.4-33.9 0l-11 10.9c-9.5 9.6-9.3 25.1.4 34.4z\"><\/path><\/svg>\t\t\t\t\t<\/div>\n\t\t\t\t\n\t\t\t\t\t\t\t\t\t<div class=\"swiper-pagination\"><\/div>\n\t\t\t\t\t\t\t\t\t<\/div>\n\t\t\t\t\t\t<\/div>\n\t\t\t\t\t<\/div>\n\t\t\t\t<\/div>\n\t\t\t\t<\/div>\n\t\t","protected":false},"excerpt":{"rendered":"<p>Matrimonios en Misericordia La pastoral &#8220;Matrimonios en Misericordia&#8221; es un espacio de encuentro, oraci\u00f3n y acompa\u00f1amiento espiritual dirigido a matrimonios y parejas que deseen construir una vida en com\u00fan m\u00e1s sana, amorosa y centrada en Cristo. Creemos firmemente que solo Jes\u00fas, en su infinita Misericordia, es capaz de sanar las heridas, restaurar lo que parece&#8230;<\/p>\n","protected":false},"author":1,"featured_media":0,"parent":0,"menu_order":0,"comment_status":"closed","ping_status":"closed","template":"","meta":{"_kad_post_transparent":"","_kad_post_title":"hide","_kad_post_layout":"fullwidth","_kad_post_sidebar_id":"","_kad_post_content_style":"unboxed","_kad_post_vertical_padding":"hide","_kad_post_feature":"hide","_kad_post_feature_position":"","_kad_post_header":false,"_kad_post_footer":false,"footnotes":""},"class_list":["post-80","page","type-page","status-publish","hentry"],"_links":{"self":[{"href":"https:\/\/santuariodmbasilicadelsalvador.cl\/index.php\/wp-json\/wp\/v2\/pages\/80","targetHints":{"allow":["GET"]}}],"collection":[{"href":"https:\/\/santuariodmbasilicadelsalvador.cl\/index.php\/wp-json\/wp\/v2\/pages"}],"about":[{"href":"https:\/\/santuariodmbasilicadelsalvador.cl\/index.php\/wp-json\/wp\/v2\/types\/page"}],"author":[{"embeddable":true,"href":"https:\/\/santuariodmbasilicadelsalvador.cl\/index.php\/wp-json\/wp\/v2\/users\/1"}],"replies":[{"embeddable":true,"href":"https:\/\/santuariodmbasilicadelsalvador.cl\/index.php\/wp-json\/wp\/v2\/comments?post=80"}],"version-history":[{"count":19,"href":"https:\/\/santuariodmbasilicadelsalvador.cl\/index.php\/wp-json\/wp\/v2\/pages\/80\/revisions"}],"predecessor-version":[{"id":154,"href":"https:\/\/santuariodmbasilicadelsalvador.cl\/index.php\/wp-json\/wp\/v2\/pages\/80\/revisions\/154"}],"wp:attachment":[{"href":"https:\/\/santuariodmbasilicadelsalvador.cl\/index.php\/wp-json\/wp\/v2\/media?parent=80"}],"curies":[{"name":"wp","href":"https:\/\/api.w.org\/{rel}","templated":true}]}}