{"id":74,"date":"2025-07-31T15:45:54","date_gmt":"2025-07-31T18:45:54","guid":{"rendered":"http:\/\/santuariodmbasilicadelsalvador.cl\/?page_id=74"},"modified":"2025-08-26T13:40:14","modified_gmt":"2025-08-26T16:40:14","slug":"inicio","status":"publish","type":"page","link":"https:\/\/santuariodmbasilicadelsalvador.cl\/","title":{"rendered":"Inicio"},"content":{"rendered":"\t\t<div data-elementor-type=\"wp-page\" data-elementor-id=\"74\" class=\"elementor elementor-74\">\n\t\t\t\t<div class=\"elementor-element elementor-element-19487d7 e-con-full e-flex e-con e-parent\" data-id=\"19487d7\" data-element_type=\"container\">\n\t\t\t\t<div class=\"elementor-element elementor-element-0190968 elementor-arrows-position-inside elementor-widget elementor-widget-image-carousel\" data-id=\"0190968\" data-element_type=\"widget\" data-settings=\"{&quot;slides_to_show&quot;:&quot;1&quot;,&quot;navigation&quot;:&quot;arrows&quot;,&quot;autoplay&quot;:&quot;yes&quot;,&quot;pause_on_hover&quot;:&quot;yes&quot;,&quot;pause_on_interaction&quot;:&quot;yes&quot;,&quot;autoplay_speed&quot;:5000,&quot;infinite&quot;:&quot;yes&quot;,&quot;effect&quot;:&quot;slide&quot;,&quot;speed&quot;:500}\" data-widget_type=\"image-carousel.default\">\n\t\t\t\t\t\t\t<div class=\"elementor-image-carousel-wrapper swiper\" role=\"region\" aria-roledescription=\"carousel\" aria-label=\"Carrusel de im\u00e1genes\" dir=\"ltr\">\n\t\t\t<div class=\"elementor-image-carousel swiper-wrapper\" aria-live=\"off\">\n\t\t\t\t\t\t\t\t<div class=\"swiper-slide\" role=\"group\" aria-roledescription=\"slide\" aria-label=\"1 de 3\"><figure class=\"swiper-slide-inner\"><img decoding=\"async\" class=\"swiper-slide-image\" src=\"https:\/\/santuariodmbasilicadelsalvador.cl\/wp-content\/uploads\/2025\/08\/1-1.png\" alt=\"1\" \/><\/figure><\/div><div class=\"swiper-slide\" role=\"group\" aria-roledescription=\"slide\" aria-label=\"2 de 3\"><figure class=\"swiper-slide-inner\"><img decoding=\"async\" class=\"swiper-slide-image\" src=\"https:\/\/santuariodmbasilicadelsalvador.cl\/wp-content\/uploads\/2025\/08\/2-1.png\" alt=\"2\" \/><\/figure><\/div><div class=\"swiper-slide\" role=\"group\" aria-roledescription=\"slide\" aria-label=\"3 de 3\"><figure class=\"swiper-slide-inner\"><img decoding=\"async\" class=\"swiper-slide-image\" src=\"https:\/\/santuariodmbasilicadelsalvador.cl\/wp-content\/uploads\/2025\/08\/3-1.png\" alt=\"3\" \/><\/figure><\/div>\t\t\t<\/div>\n\t\t\t\t\t\t\t\t\t\t\t\t<div class=\"elementor-swiper-button elementor-swiper-button-prev\" role=\"button\" tabindex=\"0\">\n\t\t\t\t\t\t<svg aria-hidden=\"true\" class=\"e-font-icon-svg e-eicon-chevron-left\" viewBox=\"0 0 1000 1000\" xmlns=\"http:\/\/www.w3.org\/2000\/svg\"><path d=\"M646 125C629 125 613 133 604 142L308 442C296 454 292 471 292 487 292 504 296 521 308 533L604 854C617 867 629 875 646 875 663 875 679 871 692 858 704 846 713 829 713 812 713 796 708 779 692 767L438 487 692 225C700 217 708 204 708 187 708 171 704 154 692 142 675 129 663 125 646 125Z\"><\/path><\/svg>\t\t\t\t\t<\/div>\n\t\t\t\t\t<div class=\"elementor-swiper-button elementor-swiper-button-next\" role=\"button\" tabindex=\"0\">\n\t\t\t\t\t\t<svg aria-hidden=\"true\" class=\"e-font-icon-svg e-eicon-chevron-right\" viewBox=\"0 0 1000 1000\" xmlns=\"http:\/\/www.w3.org\/2000\/svg\"><path d=\"M696 533C708 521 713 504 713 487 713 471 708 454 696 446L400 146C388 133 375 125 354 125 338 125 325 129 313 142 300 154 292 171 292 187 292 204 296 221 308 233L563 492 304 771C292 783 288 800 288 817 288 833 296 850 308 863 321 871 338 875 354 875 371 875 388 867 400 854L696 533Z\"><\/path><\/svg>\t\t\t\t\t<\/div>\n\t\t\t\t\n\t\t\t\t\t\t\t\t\t<\/div>\n\t\t\t\t\t\t<\/div>\n\t\t\t\t<\/div>\n\t\t<div class=\"elementor-element elementor-element-5111272 e-flex e-con-boxed e-con e-parent\" data-id=\"5111272\" data-element_type=\"container\">\n\t\t\t\t\t<div class=\"e-con-inner\">\n\t\t\t\t<div class=\"elementor-element elementor-element-b334e0e elementor-widget__width-initial elementor-widget elementor-widget-text-editor\" data-id=\"b334e0e\" data-element_type=\"widget\" data-widget_type=\"text-editor.default\">\n\t\t\t\t\t\t\t\t\t<p><span style=\"font-weight: 400;\">En el coraz\u00f3n de Santiago, la Bas\u00edlica de El Salvador \u2013marcada por las ruinas del terremoto de 1985\u2013 se transforma en un <\/span><b>nuevo Santuario de la Divina Misericordia<\/b><span style=\"font-weight: 400;\">, un <\/span><b>hospital para el alma<\/b><span style=\"font-weight: 400;\"> y un faro de luz para quienes se sienten rotos, olvidados o sin rumbo.<\/span><\/p><p><span style=\"font-weight: 400;\">Creemos firmemente que el Coraz\u00f3n Misericordioso de Jes\u00fas puede m\u00e1s que cualquier herida, pecado o desesperanza. As\u00ed como se lo revel\u00f3 en 1931 a Santa Faustina Kowalska \u2014religiosa polaca de la Congregaci\u00f3n de las Hermanas de Nuestra Se\u00f1ora de la Misericordia, nacida en 1905 en G\u0142ogowiec\u2014, el Se\u00f1or nos recuerda que la paz verdadera solo llegar\u00e1 cuando confiemos plenamente en Su Misericordia.<\/span><\/p><p><span style=\"font-weight: 400;\">En su sencillez, Santa Faustina fue elegida para difundir este mensaje, que no es suyo, sino de Cristo mismo: un llamado a volver al Coraz\u00f3n abierto de Jes\u00fas. Su misi\u00f3n concluy\u00f3 en 1938, pero el eco de esas palabras sigue vivo porque es Dios quien habla a trav\u00e9s de ellas.<\/span><\/p><p><span style=\"font-weight: 400;\">San Juan Pablo II, al canonizarla en el a\u00f1o 2000, subray\u00f3 que este mensaje de la Misericordia es la respuesta de Dios a las expectativas de los hombres de nuestro tiempo\u201d. Es decir, no se trata tanto de Faustina, sino de Aquel que quiso servirse de ella para recordarnos que su Amor es m\u00e1s fuerte que cualquier oscuridad.<\/span><\/p><p><span style=\"font-weight: 400;\">Aqu\u00ed no importa cu\u00e1n perdido te sientas: <\/span><b>Dios puede restaurar, Jes\u00fas puede sanar lo que parece imposible, La esperanza puede renacer.<\/b><\/p><p><span style=\"font-weight: 400;\">Solo hay una clave: <\/span><b>confiar<\/b><span style=\"font-weight: 400;\">. Porque <\/span><b>cuando ya no hay soluci\u00f3n, Jes\u00fas s\u00ed la tiene<\/b><span style=\"font-weight: 400;\">.<\/span><\/p>\t\t\t\t\t\t\t\t<\/div>\n\t\t\t\t<div class=\"elementor-element elementor-element-0b5b39b elementor-widget elementor-widget-text-editor\" data-id=\"0b5b39b\" data-element_type=\"widget\" data-widget_type=\"text-editor.default\">\n\t\t\t\t\t\t\t\t\t<p data-start=\"1056\" data-end=\"1142\"><strong data-start=\"1059\" data-end=\"1115\">Ac\u00e9rcate y conf\u00eda, Jes\u00fas te espera.<\/strong><br data-start=\"1115\" data-end=\"1118\" \/><em data-start=\"1118\" data-end=\"1142\">&#8220;Jes\u00fas, en Ti conf\u00edo.&#8221;<\/em><\/p>\t\t\t\t\t\t\t\t<\/div>\n\t\t\t\t\t<\/div>\n\t\t\t\t<\/div>\n\t\t<div class=\"elementor-element elementor-element-a174a84 e-con-full e-flex e-con e-parent\" data-id=\"a174a84\" data-element_type=\"container\">\n\t\t\t\t<div class=\"elementor-element elementor-element-dc951bf elementor-widget__width-inherit elementor-widget elementor-widget-image\" data-id=\"dc951bf\" data-element_type=\"widget\" data-widget_type=\"image.default\">\n\t\t\t\t\t\t\t\t\t\t\t\t\t\t\t\t<a href=\"https:\/\/fundacioncasadelamisericordia.donando.cl\/\" target=\"_blank\">\n\t\t\t\t\t\t\t<img fetchpriority=\"high\" decoding=\"async\" width=\"1400\" height=\"300\" src=\"https:\/\/santuariodmbasilicadelsalvador.cl\/wp-content\/uploads\/2025\/08\/Un-Refugio-para-los-que-ya-no-tienen-esperanza-1400-x-300-px.png\" class=\"attachment-full size-full wp-image-321\" alt=\"\" srcset=\"https:\/\/santuariodmbasilicadelsalvador.cl\/wp-content\/uploads\/2025\/08\/Un-Refugio-para-los-que-ya-no-tienen-esperanza-1400-x-300-px.png 1400w, https:\/\/santuariodmbasilicadelsalvador.cl\/wp-content\/uploads\/2025\/08\/Un-Refugio-para-los-que-ya-no-tienen-esperanza-1400-x-300-px-300x64.png 300w, https:\/\/santuariodmbasilicadelsalvador.cl\/wp-content\/uploads\/2025\/08\/Un-Refugio-para-los-que-ya-no-tienen-esperanza-1400-x-300-px-1024x219.png 1024w, https:\/\/santuariodmbasilicadelsalvador.cl\/wp-content\/uploads\/2025\/08\/Un-Refugio-para-los-que-ya-no-tienen-esperanza-1400-x-300-px-768x165.png 768w\" sizes=\"(max-width: 1400px) 100vw, 1400px\" \/>\t\t\t\t\t\t\t\t<\/a>\n\t\t\t\t\t\t\t\t\t\t\t\t\t\t\t<\/div>\n\t\t\t\t<\/div>\n\t\t<div class=\"elementor-element elementor-element-eec7c4b e-flex e-con-boxed e-con e-parent\" data-id=\"eec7c4b\" data-element_type=\"container\">\n\t\t\t\t\t<div class=\"e-con-inner\">\n\t\t<div class=\"elementor-element elementor-element-296a208 e-con-full e-flex e-con e-child\" data-id=\"296a208\" data-element_type=\"container\">\n\t\t\t\t<div class=\"elementor-element elementor-element-be36082 elementor-widget elementor-widget-image\" data-id=\"be36082\" data-element_type=\"widget\" data-widget_type=\"image.default\">\n\t\t\t\t\t\t\t\t\t\t\t\t\t\t\t<img decoding=\"async\" width=\"1024\" height=\"768\" src=\"https:\/\/santuariodmbasilicadelsalvador.cl\/wp-content\/uploads\/2025\/08\/IMG_1785.jpeg\" class=\"attachment-large size-large wp-image-280\" alt=\"\" \/>\t\t\t\t\t\t\t\t\t\t\t\t\t\t\t<\/div>\n\t\t\t\t<\/div>\n\t\t<div class=\"elementor-element elementor-element-bf2c90f e-con-full e-flex e-con e-child\" data-id=\"bf2c90f\" data-element_type=\"container\">\n\t\t\t\t<div class=\"elementor-element elementor-element-f16627e elementor-widget__width-inherit elementor-widget elementor-widget-shortcode\" data-id=\"f16627e\" data-element_type=\"widget\" data-widget_type=\"shortcode.default\">\n\t\t\t\t\t\t\t<div class=\"elementor-shortcode\"><div class=\"pt-cv-wrapper\"><div class=\"pt-cv-view pt-cv-blockgrid iscvblock iscvhybrid list1 layout1\" id=\"pt-cv-view-bb28bdfshp\"><div data-id=\"pt-cv-page-1\" class=\"pt-cv-page\" data-cvc=\"1\"><div class=\" pt-cv-content-item pt-cv-2-col\" ><div class=\"pt-cv-thumb-wrapper pull-left \"><a href=\"https:\/\/santuariodmbasilicadelsalvador.cl\/index.php\/2025\/10\/14\/se-abre-la-licitacion-para-la-restauracion-de-la-basilica-del-salvador\/\" class=\"_self pt-cv-href-thumbnail pt-cv-thumb-left\" target=\"_self\" ><img decoding=\"async\" width=\"300\" height=\"157\" src=\"https:\/\/santuariodmbasilicadelsalvador.cl\/wp-content\/uploads\/2025\/10\/5-300x157.jpg\" class=\"pt-cv-thumbnail pull-left\" alt=\"\" srcset=\"https:\/\/santuariodmbasilicadelsalvador.cl\/wp-content\/uploads\/2025\/10\/5-300x157.jpg 300w, https:\/\/santuariodmbasilicadelsalvador.cl\/wp-content\/uploads\/2025\/10\/5-1024x536.jpg 1024w, https:\/\/santuariodmbasilicadelsalvador.cl\/wp-content\/uploads\/2025\/10\/5-768x402.jpg 768w, https:\/\/santuariodmbasilicadelsalvador.cl\/wp-content\/uploads\/2025\/10\/5.jpg 1200w\" sizes=\"(max-width: 300px) 100vw, 300px\" \/><\/a><\/div>\n<div class=\"pt-cv-colwrap\"><div class=\"pt-cv-taxoterm above_title\"><a href='https:\/\/santuariodmbasilicadelsalvador.cl\/index.php\/category\/noticias-basilica-de-el-salvador\/' title='Bas\u00edlica de El Salvador' class='pt-cv-tax-noticias-basilica-de-el-salvador'>Bas\u00edlica de El Salvador<\/a><\/div><h4 class=\"pt-cv-title\"><a href=\"https:\/\/santuariodmbasilicadelsalvador.cl\/index.php\/2025\/10\/14\/se-abre-la-licitacion-para-la-restauracion-de-la-basilica-del-salvador\/\" class=\"_self\" target=\"_self\" >Se abre la licitaci\u00f3n para la restauraci\u00f3n de la Bas\u00edlica del\u202fSalvador<\/a><\/h4><div class=\"pt-cv-content\">Un proyecto p\u00fablico-privado busca recuperar este monumento nacional cerrado desde 2004, combinando innovaci\u00f3n t\u00e9cnica, memoria ...<br \/><div class=\"pt-cv-rmwrap\"><a href=\"https:\/\/santuariodmbasilicadelsalvador.cl\/index.php\/2025\/10\/14\/se-abre-la-licitacion-para-la-restauracion-de-la-basilica-del-salvador\/\" class=\"_self pt-cv-readmore btn btn-success\" target=\"_self\">Ver noticia Completa<\/a><\/div><\/div><\/div><\/div>\n<div class=\" pt-cv-content-item pt-cv-2-col\" ><div class=\"pt-cv-thumb-wrapper pull-left \"><a href=\"https:\/\/santuariodmbasilicadelsalvador.cl\/index.php\/2025\/08\/14\/nuevo-programa-la-confianza-en-el-camino-de-la-misericordia\/\" class=\"_self pt-cv-href-thumbnail pt-cv-thumb-left\" target=\"_self\" ><img loading=\"lazy\" decoding=\"async\" width=\"300\" height=\"169\" src=\"https:\/\/santuariodmbasilicadelsalvador.cl\/wp-content\/uploads\/2025\/08\/Portadas-Youtube.jpg\" class=\"pt-cv-thumbnail pull-left\" alt=\"\" \/><\/a><\/div>\n<div class=\"pt-cv-colwrap\"><div class=\"pt-cv-taxoterm above_title\"><a href='https:\/\/santuariodmbasilicadelsalvador.cl\/index.php\/category\/noticias-basilica-de-el-salvador\/' title='Bas\u00edlica de El Salvador' class='pt-cv-tax-noticias-basilica-de-el-salvador'>Bas\u00edlica de El Salvador<\/a><\/div><h4 class=\"pt-cv-title\"><a href=\"https:\/\/santuariodmbasilicadelsalvador.cl\/index.php\/2025\/08\/14\/nuevo-programa-la-confianza-en-el-camino-de-la-misericordia\/\" class=\"_self\" target=\"_self\" >Nuevo programa: La confianza en el camino de la Misericordia<\/a><\/h4><div class=\"pt-cv-content\">La Bas\u00edlica de El Salvador \u2013 Santuario a la Divina Misericordia presenta un nuevo programa ...<br \/><div class=\"pt-cv-rmwrap\"><a href=\"https:\/\/santuariodmbasilicadelsalvador.cl\/index.php\/2025\/08\/14\/nuevo-programa-la-confianza-en-el-camino-de-la-misericordia\/\" class=\"_self pt-cv-readmore btn btn-success\" target=\"_self\">Ver noticia Completa<\/a><\/div><\/div><\/div><\/div>\n<div class=\" pt-cv-content-item pt-cv-2-col\" ><div class=\"pt-cv-thumb-wrapper pull-left \"><a href=\"https:\/\/santuariodmbasilicadelsalvador.cl\/index.php\/2025\/08\/12\/elementor-240\/\" class=\"_self pt-cv-href-thumbnail pt-cv-thumb-left\" target=\"_self\" ><img loading=\"lazy\" decoding=\"async\" width=\"300\" height=\"169\" src=\"https:\/\/santuariodmbasilicadelsalvador.cl\/wp-content\/uploads\/2025\/08\/Fiesta-de-la-Divina-Misericordia.jpg\" class=\"pt-cv-thumbnail pull-left\" alt=\"\" \/><\/a><\/div>\n<div class=\"pt-cv-colwrap\"><div class=\"pt-cv-taxoterm above_title\"><a href='https:\/\/santuariodmbasilicadelsalvador.cl\/index.php\/category\/noticias-basilica-de-el-salvador\/' title='Bas\u00edlica de El Salvador' class='pt-cv-tax-noticias-basilica-de-el-salvador'>Bas\u00edlica de El Salvador<\/a><\/div><h4 class=\"pt-cv-title\"><a href=\"https:\/\/santuariodmbasilicadelsalvador.cl\/index.php\/2025\/08\/12\/elementor-240\/\" class=\"_self\" target=\"_self\" >Fiesta de la Divina Misericordia 2025<\/a><\/h4><div class=\"pt-cv-content\">El pasado domingo 27 de abril, nuestra comunidad celebr\u00f3 con gran alegr\u00eda la Fiesta de ...<br \/><div class=\"pt-cv-rmwrap\"><a href=\"https:\/\/santuariodmbasilicadelsalvador.cl\/index.php\/2025\/08\/12\/elementor-240\/\" class=\"_self pt-cv-readmore btn btn-success\" target=\"_self\">Ver noticia Completa<\/a><\/div><\/div><\/div><\/div><\/div><\/div><\/div>\t\t\t<style type=\"text\/css\" id=\"pt-cv-inline-style-55cf94a3ct\">\n#pt-cv-view-bb28bdfshp .pt-cv-thumb-wrapper:not(.miniwrap) { width: 40%; }#pt-cv-view-bb28bdfshp .pt-cv-thumbnail:not(.pt-cv-thumbnailsm) { height: 300px; }#pt-cv-view-bb28bdfshp > .pt-cv-page {grid-template-columns: repeat(1, 1fr);grid-gap: 15px;}\n@media all and (max-width: 1024px) { \n#pt-cv-view-bb28bdfshp > .pt-cv-page {grid-template-columns: repeat(1, 1fr);}\n} \n@media all and (max-width: 767px) { \n#pt-cv-view-bb28bdfshp > .pt-cv-page {grid-template-columns: repeat(1, 1fr);}\n} <\/style>\r\n\t\t\t<\/div>\n\t\t\t\t\t\t<\/div>\n\t\t\t\t<\/div>\n\t\t\t\t\t<\/div>\n\t\t\t\t<\/div>\n\t\t\t\t<\/div>\n\t\t","protected":false},"excerpt":{"rendered":"<p>En el coraz\u00f3n de Santiago, la Bas\u00edlica de El Salvador \u2013marcada por las ruinas del terremoto de 1985\u2013 se transforma en un nuevo Santuario de la Divina Misericordia, un hospital para el alma y un faro de luz para quienes se sienten rotos, olvidados o sin rumbo. Creemos firmemente que el Coraz\u00f3n Misericordioso de Jes\u00fas&#8230;<\/p>\n","protected":false},"author":1,"featured_media":0,"parent":0,"menu_order":0,"comment_status":"closed","ping_status":"closed","template":"","meta":{"_kad_post_transparent":"","_kad_post_title":"hide","_kad_post_layout":"fullwidth","_kad_post_sidebar_id":"","_kad_post_content_style":"unboxed","_kad_post_vertical_padding":"hide","_kad_post_feature":"hide","_kad_post_feature_position":"","_kad_post_header":false,"_kad_post_footer":false,"footnotes":""},"class_list":["post-74","page","type-page","status-publish","hentry"],"_links":{"self":[{"href":"https:\/\/santuariodmbasilicadelsalvador.cl\/index.php\/wp-json\/wp\/v2\/pages\/74","targetHints":{"allow":["GET"]}}],"collection":[{"href":"https:\/\/santuariodmbasilicadelsalvador.cl\/index.php\/wp-json\/wp\/v2\/pages"}],"about":[{"href":"https:\/\/santuariodmbasilicadelsalvador.cl\/index.php\/wp-json\/wp\/v2\/types\/page"}],"author":[{"embeddable":true,"href":"https:\/\/santuariodmbasilicadelsalvador.cl\/index.php\/wp-json\/wp\/v2\/users\/1"}],"replies":[{"embeddable":true,"href":"https:\/\/santuariodmbasilicadelsalvador.cl\/index.php\/wp-json\/wp\/v2\/comments?post=74"}],"version-history":[{"count":85,"href":"https:\/\/santuariodmbasilicadelsalvador.cl\/index.php\/wp-json\/wp\/v2\/pages\/74\/revisions"}],"predecessor-version":[{"id":324,"href":"https:\/\/santuariodmbasilicadelsalvador.cl\/index.php\/wp-json\/wp\/v2\/pages\/74\/revisions\/324"}],"wp:attachment":[{"href":"https:\/\/santuariodmbasilicadelsalvador.cl\/index.php\/wp-json\/wp\/v2\/media?parent=74"}],"curies":[{"name":"wp","href":"https:\/\/api.w.org\/{rel}","templated":true}]}}