{"id":69,"date":"2025-07-31T15:40:22","date_gmt":"2025-07-31T18:40:22","guid":{"rendered":"http:\/\/santuariodmbasilicadelsalvador.cl\/?page_id=69"},"modified":"2025-08-07T12:50:30","modified_gmt":"2025-08-07T15:50:30","slug":"pastoral-no-estas-sola","status":"publish","type":"page","link":"https:\/\/santuariodmbasilicadelsalvador.cl\/index.php\/pastoral-no-estas-sola\/","title":{"rendered":"Pastoral &#8220;No estas sola&#8221;"},"content":{"rendered":"\t\t<div data-elementor-type=\"wp-page\" data-elementor-id=\"69\" class=\"elementor elementor-69\">\n\t\t\t\t<div class=\"elementor-element elementor-element-792c543 e-flex e-con-boxed e-con e-parent\" data-id=\"792c543\" data-element_type=\"container\">\n\t\t\t\t\t<div class=\"e-con-inner\">\n\t\t\t\t<div class=\"elementor-element elementor-element-3daadd5 elementor-widget elementor-widget-heading\" data-id=\"3daadd5\" data-element_type=\"widget\" data-widget_type=\"heading.default\">\n\t\t\t\t\t<h2 class=\"elementor-heading-title elementor-size-default\">Pastoral \"No est\u00e1s sola\"<\/h2>\t\t\t\t<\/div>\n\t\t\t\t\t<\/div>\n\t\t\t\t<\/div>\n\t\t<div class=\"elementor-element elementor-element-8fa3f90 e-flex e-con-boxed e-con e-parent\" data-id=\"8fa3f90\" data-element_type=\"container\">\n\t\t\t\t\t<div class=\"e-con-inner\">\n\t\t\t\t<div class=\"elementor-element elementor-element-014a4db elementor-widget elementor-widget-text-editor\" data-id=\"014a4db\" data-element_type=\"widget\" data-widget_type=\"text-editor.default\">\n\t\t\t\t\t\t\t\t\t<p data-start=\"251\" data-end=\"318\"><strong data-start=\"251\" data-end=\"318\">&#8220;Antes de formarte en el vientre, ya te conoc\u00eda&#8221; (Jerem\u00edas 1,5)<\/strong><\/p><p data-start=\"320\" data-end=\"604\">La Pastoral <strong><em data-start=\"332\" data-end=\"347\">No est\u00e1s sola<\/em><\/strong> est\u00e1 en proceso de formaci\u00f3n y nace desde el coraz\u00f3n de la <strong>misericordia de Jes\u00fas para acompa\u00f1ar con amor, sin juicio<\/strong>, a mujeres que enfrentan decisiones dif\u00edciles: aquellas que han pensado en abortar, que ya lo han hecho o que viven un embarazo no deseado.<\/p><p data-start=\"606\" data-end=\"719\">Tambi\u00e9n queremos estar cerca de los hombres que se sienten solos o confundidos ante esta realidad en sus parejas.<\/p><p data-start=\"721\" data-end=\"984\">Nos estamos preparando para brindar un acompa\u00f1amiento humano, espiritual y emocional, porque nadie deber\u00eda vivir estas situaciones en silencio ni en soledad. Muy pronto estaremos en funcionamiento, listas para escuchar, acoger y caminar juntos hacia la esperanza.<\/p><blockquote data-start=\"986\" data-end=\"1101\"><p data-start=\"988\" data-end=\"1101\"><strong data-start=\"988\" data-end=\"1101\">Si est\u00e1s pasando por un momento dif\u00edcil, recuerda: no est\u00e1s sola, no est\u00e1s solo. Jes\u00fas te ama y te comprende.<\/strong><\/p><\/blockquote>\t\t\t\t\t\t\t\t<\/div>\n\t\t\t\t\t<\/div>\n\t\t\t\t<\/div>\n\t\t<div class=\"elementor-element elementor-element-e9032ff e-flex e-con-boxed e-con e-parent\" data-id=\"e9032ff\" data-element_type=\"container\">\n\t\t\t\t\t<div class=\"e-con-inner\">\n\t\t\t\t<div class=\"elementor-element elementor-element-7ba50fe elementor-pagination-position-inside elementor-arrows-position-inside elementor-widget elementor-widget-image-carousel\" data-id=\"7ba50fe\" data-element_type=\"widget\" data-settings=\"{&quot;slides_to_show&quot;:&quot;1&quot;,&quot;navigation&quot;:&quot;both&quot;,&quot;autoplay&quot;:&quot;yes&quot;,&quot;pause_on_hover&quot;:&quot;yes&quot;,&quot;pause_on_interaction&quot;:&quot;yes&quot;,&quot;autoplay_speed&quot;:5000,&quot;infinite&quot;:&quot;yes&quot;,&quot;effect&quot;:&quot;slide&quot;,&quot;speed&quot;:500}\" data-widget_type=\"image-carousel.default\">\n\t\t\t\t\t\t\t<div class=\"elementor-image-carousel-wrapper swiper\" role=\"region\" aria-roledescription=\"carousel\" aria-label=\"Carrusel de im\u00e1genes\" dir=\"ltr\">\n\t\t\t<div class=\"elementor-image-carousel swiper-wrapper\" aria-live=\"off\">\n\t\t\t\t\t\t\t\t<div class=\"swiper-slide\" role=\"group\" aria-roledescription=\"slide\" aria-label=\"1 de 2\"><figure class=\"swiper-slide-inner\"><img decoding=\"async\" class=\"swiper-slide-image\" src=\"https:\/\/santuariodmbasilicadelsalvador.cl\/wp-content\/uploads\/2025\/08\/Imagen-de-WhatsApp-2025-07-29-a-las-12.02.07_4a4fc780.jpg\" alt=\"Imagen de WhatsApp 2025-07-29 a las 12.02.07_4a4fc780\" \/><\/figure><\/div><div class=\"swiper-slide\" role=\"group\" aria-roledescription=\"slide\" aria-label=\"2 de 2\"><figure class=\"swiper-slide-inner\"><img decoding=\"async\" class=\"swiper-slide-image\" src=\"https:\/\/santuariodmbasilicadelsalvador.cl\/wp-content\/uploads\/2025\/08\/Imagen-de-WhatsApp-2025-07-29-a-las-12.02.07_e6e2ef22.jpg\" alt=\"Imagen de WhatsApp 2025-07-29 a las 12.02.07_e6e2ef22\" \/><\/figure><\/div>\t\t\t<\/div>\n\t\t\t\t\t\t\t\t\t\t\t\t<div class=\"elementor-swiper-button elementor-swiper-button-prev\" role=\"button\" tabindex=\"0\">\n\t\t\t\t\t\t<svg aria-hidden=\"true\" class=\"e-font-icon-svg e-eicon-chevron-left\" viewBox=\"0 0 1000 1000\" xmlns=\"http:\/\/www.w3.org\/2000\/svg\"><path d=\"M646 125C629 125 613 133 604 142L308 442C296 454 292 471 292 487 292 504 296 521 308 533L604 854C617 867 629 875 646 875 663 875 679 871 692 858 704 846 713 829 713 812 713 796 708 779 692 767L438 487 692 225C700 217 708 204 708 187 708 171 704 154 692 142 675 129 663 125 646 125Z\"><\/path><\/svg>\t\t\t\t\t<\/div>\n\t\t\t\t\t<div class=\"elementor-swiper-button elementor-swiper-button-next\" role=\"button\" tabindex=\"0\">\n\t\t\t\t\t\t<svg aria-hidden=\"true\" class=\"e-font-icon-svg e-eicon-chevron-right\" viewBox=\"0 0 1000 1000\" xmlns=\"http:\/\/www.w3.org\/2000\/svg\"><path d=\"M696 533C708 521 713 504 713 487 713 471 708 454 696 446L400 146C388 133 375 125 354 125 338 125 325 129 313 142 300 154 292 171 292 187 292 204 296 221 308 233L563 492 304 771C292 783 288 800 288 817 288 833 296 850 308 863 321 871 338 875 354 875 371 875 388 867 400 854L696 533Z\"><\/path><\/svg>\t\t\t\t\t<\/div>\n\t\t\t\t\n\t\t\t\t\t\t\t\t\t<div class=\"swiper-pagination\"><\/div>\n\t\t\t\t\t\t\t\t\t<\/div>\n\t\t\t\t\t\t<\/div>\n\t\t\t\t\t<\/div>\n\t\t\t\t<\/div>\n\t\t\t\t<\/div>\n\t\t","protected":false},"excerpt":{"rendered":"<p>Pastoral &#8220;No est\u00e1s sola&#8221; &#8220;Antes de formarte en el vientre, ya te conoc\u00eda&#8221; (Jerem\u00edas 1,5) La Pastoral No est\u00e1s sola est\u00e1 en proceso de formaci\u00f3n y nace desde el coraz\u00f3n de la misericordia de Jes\u00fas para acompa\u00f1ar con amor, sin juicio, a mujeres que enfrentan decisiones dif\u00edciles: aquellas que han pensado en abortar, que ya&#8230;<\/p>\n","protected":false},"author":1,"featured_media":0,"parent":0,"menu_order":0,"comment_status":"closed","ping_status":"closed","template":"","meta":{"_kad_post_transparent":"","_kad_post_title":"hide","_kad_post_layout":"fullwidth","_kad_post_sidebar_id":"","_kad_post_content_style":"unboxed","_kad_post_vertical_padding":"hide","_kad_post_feature":"hide","_kad_post_feature_position":"","_kad_post_header":false,"_kad_post_footer":false,"footnotes":""},"class_list":["post-69","page","type-page","status-publish","hentry"],"_links":{"self":[{"href":"https:\/\/santuariodmbasilicadelsalvador.cl\/index.php\/wp-json\/wp\/v2\/pages\/69","targetHints":{"allow":["GET"]}}],"collection":[{"href":"https:\/\/santuariodmbasilicadelsalvador.cl\/index.php\/wp-json\/wp\/v2\/pages"}],"about":[{"href":"https:\/\/santuariodmbasilicadelsalvador.cl\/index.php\/wp-json\/wp\/v2\/types\/page"}],"author":[{"embeddable":true,"href":"https:\/\/santuariodmbasilicadelsalvador.cl\/index.php\/wp-json\/wp\/v2\/users\/1"}],"replies":[{"embeddable":true,"href":"https:\/\/santuariodmbasilicadelsalvador.cl\/index.php\/wp-json\/wp\/v2\/comments?post=69"}],"version-history":[{"count":4,"href":"https:\/\/santuariodmbasilicadelsalvador.cl\/index.php\/wp-json\/wp\/v2\/pages\/69\/revisions"}],"predecessor-version":[{"id":174,"href":"https:\/\/santuariodmbasilicadelsalvador.cl\/index.php\/wp-json\/wp\/v2\/pages\/69\/revisions\/174"}],"wp:attachment":[{"href":"https:\/\/santuariodmbasilicadelsalvador.cl\/index.php\/wp-json\/wp\/v2\/media?parent=69"}],"curies":[{"name":"wp","href":"https:\/\/api.w.org\/{rel}","templated":true}]}}