{"id":10,"date":"2025-07-29T13:54:06","date_gmt":"2025-07-29T16:54:06","guid":{"rendered":"http:\/\/santuariodmbasilicadelsalvador.cl\/?page_id=10"},"modified":"2025-08-14T13:22:07","modified_gmt":"2025-08-14T16:22:07","slug":"basilica-de-el-salvador","status":"publish","type":"page","link":"https:\/\/santuariodmbasilicadelsalvador.cl\/index.php\/basilica-de-el-salvador\/","title":{"rendered":"Bas\u00edlica de El Salvador"},"content":{"rendered":"\t\t<div data-elementor-type=\"wp-page\" data-elementor-id=\"10\" class=\"elementor elementor-10\">\n\t\t\t\t<div class=\"elementor-element elementor-element-6fd7c4e e-flex e-con-boxed e-con e-parent\" data-id=\"6fd7c4e\" data-element_type=\"container\">\n\t\t\t\t\t<div class=\"e-con-inner\">\n\t\t\t\t<div class=\"elementor-element elementor-element-fb0de0e elementor-widget elementor-widget-heading\" data-id=\"fb0de0e\" data-element_type=\"widget\" data-widget_type=\"heading.default\">\n\t\t\t\t\t<h2 class=\"elementor-heading-title elementor-size-default\">Historia de la Bas\u00edlica de El Salvador.<\/h2>\t\t\t\t<\/div>\n\t\t\t\t\t<\/div>\n\t\t\t\t<\/div>\n\t\t<div class=\"elementor-element elementor-element-5a89bd6 e-flex e-con-boxed e-con e-parent\" data-id=\"5a89bd6\" data-element_type=\"container\">\n\t\t\t\t\t<div class=\"e-con-inner\">\n\t\t<div class=\"elementor-element elementor-element-ccdf359 e-con-full e-flex e-con e-child\" data-id=\"ccdf359\" data-element_type=\"container\">\n\t\t\t\t<div class=\"elementor-element elementor-element-5a31a15 elementor-widget elementor-widget-text-editor\" data-id=\"5a31a15\" data-element_type=\"widget\" data-widget_type=\"text-editor.default\">\n\t\t\t\t\t\t\t\t\t<div class=\"col-md-5\"><p data-start=\"117\" data-end=\"685\">La historia de la <strong data-start=\"135\" data-end=\"160\">Bas\u00edlica de El Salvador<\/strong> comienza a partir de una tragedia: el incendio de la iglesia de <em data-start=\"225\" data-end=\"252\">San Miguel de la Compa\u00f1\u00eda<\/em>, ocurrido el 8 de diciembre de 1863, en el que murieron cerca de 2.000 personas. Este templo se encontraba en la esquina de las actuales calles Compa\u00f1\u00eda y Bandera, donde hoy se ubican los Jardines del Congreso Nacional. Como respuesta a este doloroso suceso, en 1864 el entonces Arzobispo de Santiago, <strong data-start=\"555\" data-end=\"585\">Rafael Valent\u00edn Valdivieso<\/strong>, firma la ordenanza para la construcci\u00f3n de una nueva iglesia dedicada al <em>\u201c<strong data-start=\"661\" data-end=\"683\">Salvador del Mundo<\/strong>\u201d.<\/em><\/p><p data-start=\"687\" data-end=\"1160\">El dise\u00f1o fue encomendado al arquitecto alem\u00e1n <strong data-start=\"734\" data-end=\"754\">Teodoro Burchard<\/strong>, quien proyect\u00f3 un templo de estilo neog\u00f3tico de proporciones monumentales, con capacidad para albergar a unas cinco mil personas. Las obras comenzaron en <strong>1870<\/strong> y culminaron con su inauguraci\u00f3n en <strong>1892<\/strong>. Desde entonces, la Bas\u00edlica se convirti\u00f3 en un referente espiritual y arquitect\u00f3nico del centro de Santiago, destacando por su belleza y por su rol protag\u00f3nico en la vida religiosa y social de la ciudad.<\/p><\/div>\t\t\t\t\t\t\t\t<\/div>\n\t\t\t\t<\/div>\n\t\t<div class=\"elementor-element elementor-element-39432b5 e-con-full e-flex e-con e-child\" data-id=\"39432b5\" data-element_type=\"container\">\n\t\t\t\t<div class=\"elementor-element elementor-element-7fe6db0 elementor-widget elementor-widget-image\" data-id=\"7fe6db0\" data-element_type=\"widget\" data-widget_type=\"image.default\">\n\t\t\t\t\t\t\t\t\t\t\t\t\t\t\t<img fetchpriority=\"high\" decoding=\"async\" width=\"468\" height=\"640\" src=\"https:\/\/santuariodmbasilicadelsalvador.cl\/wp-content\/uploads\/2025\/07\/50211518458_f44c073969_z.jpg\" class=\"attachment-medium_large size-medium_large wp-image-31\" alt=\"\" \/>\t\t\t\t\t\t\t\t\t\t\t\t\t\t\t<\/div>\n\t\t\t\t<\/div>\n\t\t\t\t\t<\/div>\n\t\t\t\t<\/div>\n\t\t<div class=\"elementor-element elementor-element-9949f32 e-flex e-con-boxed e-con e-parent\" data-id=\"9949f32\" data-element_type=\"container\">\n\t\t\t\t\t<div class=\"e-con-inner\">\n\t\t\t\t<div class=\"elementor-element elementor-element-c6794fa elementor-widget elementor-widget-heading\" data-id=\"c6794fa\" data-element_type=\"widget\" data-widget_type=\"heading.default\">\n\t\t\t\t\t<h2 class=\"elementor-heading-title elementor-size-default\">Santuario a la Divina Misericordia.<\/h2>\t\t\t\t<\/div>\n\t\t\t\t\t<\/div>\n\t\t\t\t<\/div>\n\t\t<div class=\"elementor-element elementor-element-52b718f e-flex e-con-boxed e-con e-parent\" data-id=\"52b718f\" data-element_type=\"container\">\n\t\t\t\t\t<div class=\"e-con-inner\">\n\t\t<div class=\"elementor-element elementor-element-3d70650 e-con-full e-flex e-con e-child\" data-id=\"3d70650\" data-element_type=\"container\">\n\t\t\t\t<div class=\"elementor-element elementor-element-7ce9037 elementor-widget elementor-widget-image\" data-id=\"7ce9037\" data-element_type=\"widget\" data-widget_type=\"image.default\">\n\t\t\t\t\t\t\t\t\t\t\t\t\t\t\t<img decoding=\"async\" width=\"682\" height=\"1024\" src=\"https:\/\/santuariodmbasilicadelsalvador.cl\/wp-content\/uploads\/2025\/07\/Imagen-de-WhatsApp-2025-07-31-a-las-12.50.04_6607e1b5.jpg\" class=\"attachment-large size-large wp-image-48\" alt=\"\" \/>\t\t\t\t\t\t\t\t\t\t\t\t\t\t\t<\/div>\n\t\t\t\t<\/div>\n\t\t<div class=\"elementor-element elementor-element-32ae04b e-con-full e-flex e-con e-child\" data-id=\"32ae04b\" data-element_type=\"container\">\n\t\t\t\t<div class=\"elementor-element elementor-element-c644311 elementor-widget elementor-widget-text-editor\" data-id=\"c644311\" data-element_type=\"widget\" data-widget_type=\"text-editor.default\">\n\t\t\t\t\t\t\t\t\t<p data-start=\"260\" data-end=\"571\">Sin embargo, con el paso del tiempo y los embates de la naturaleza, el templo sufri\u00f3 importantes da\u00f1os. El terremoto de 1985 afect\u00f3 gravemente su estructura, obligando al cierre del edificio. Durante a\u00f1os, la Bas\u00edlica permaneci\u00f3 en estado de abandono, expuesta al deterioro y al olvido.<\/p><p data-start=\"573\" data-end=\"1152\">A pesar de ello, en medio del silencio y el polvo, comenz\u00f3 a florecer una nueva esperanza, impulsada especialmente por la <strong data-start=\"736\" data-end=\"782\">devoci\u00f3n a Jes\u00fas de la Divina Misericordia<\/strong>. Esta espiritualidad, nacida de las revelaciones a Santa Faustina, ha tra\u00eddo nueva luz al templo herido, convirti\u00e9ndolo en un lugar de reparaci\u00f3n, confianza y consuelo. La imagen de Jes\u00fas Misericordioso y la oraci\u00f3n \u201c<strong data-start=\"1000\" data-end=\"1023\">Jes\u00fas, en Ti conf\u00edo<\/strong>\u201d se han vuelto el coraz\u00f3n del templo, y un refugio para quienes cargan con el peso del dolor, la soledad o las heridas del alma.<\/p><p data-start=\"1154\" data-end=\"1742\">Hoy, la <strong data-start=\"1162\" data-end=\"1187\">Bas\u00edlica de El Salvador<\/strong> avanza en un proceso de restauraci\u00f3n que busca no solo recuperar su belleza arquitect\u00f3nica, sino tambi\u00e9n reavivar su misi\u00f3n espiritual como <strong data-start=\"1328\" data-end=\"1367\">Santuario de la Divina Misericordia<\/strong> en el coraz\u00f3n de Santiago. Porque as\u00ed como Dios puede levantar muros ca\u00eddos y devolver la vida a un templo da\u00f1ado, tambi\u00e9n puede <strong data-start=\"1497\" data-end=\"1565\">restaurar el alma de quienes se sienten rotos, solos o sin rumbo<\/strong>. M\u00e1s que un edificio, esta Bas\u00edlica es un <strong data-start=\"1608\" data-end=\"1643\">signo vivo de la fe que resiste<\/strong>, de la <strong data-start=\"1651\" data-end=\"1676\">memoria que permanece<\/strong>, y de la <strong data-start=\"1686\" data-end=\"1741\">Misericordia de Dios que transforma, sana y renueva<\/strong>.<\/p>\t\t\t\t\t\t\t\t<\/div>\n\t\t\t\t<\/div>\n\t\t\t\t\t<\/div>\n\t\t\t\t<\/div>\n\t\t<div class=\"elementor-element elementor-element-37ba4b9 e-flex e-con-boxed e-con e-parent\" data-id=\"37ba4b9\" data-element_type=\"container\">\n\t\t\t\t\t<div class=\"e-con-inner\">\n\t\t\t\t<div class=\"elementor-element elementor-element-b523502 elementor-arrows-position-inside elementor-pagination-position-outside elementor-widget elementor-widget-image-carousel\" data-id=\"b523502\" data-element_type=\"widget\" data-settings=\"{&quot;slides_to_show&quot;:&quot;1&quot;,&quot;navigation&quot;:&quot;both&quot;,&quot;autoplay&quot;:&quot;yes&quot;,&quot;pause_on_hover&quot;:&quot;yes&quot;,&quot;pause_on_interaction&quot;:&quot;yes&quot;,&quot;autoplay_speed&quot;:5000,&quot;infinite&quot;:&quot;yes&quot;,&quot;effect&quot;:&quot;slide&quot;,&quot;speed&quot;:500}\" data-widget_type=\"image-carousel.default\">\n\t\t\t\t\t\t\t<div class=\"elementor-image-carousel-wrapper swiper\" role=\"region\" aria-roledescription=\"carousel\" aria-label=\"Carrusel de im\u00e1genes\" dir=\"ltr\">\n\t\t\t<div class=\"elementor-image-carousel swiper-wrapper swiper-image-stretch\" aria-live=\"off\">\n\t\t\t\t\t\t\t\t<div class=\"swiper-slide\" role=\"group\" aria-roledescription=\"slide\" aria-label=\"1 de 10\"><figure class=\"swiper-slide-inner\"><img decoding=\"async\" class=\"swiper-slide-image\" src=\"https:\/\/santuariodmbasilicadelsalvador.cl\/wp-content\/uploads\/2025\/07\/50211518458_f44c073969_z.jpg\" alt=\"50211518458_f44c073969_z\" \/><\/figure><\/div><div class=\"swiper-slide\" role=\"group\" aria-roledescription=\"slide\" aria-label=\"2 de 10\"><figure class=\"swiper-slide-inner\"><img decoding=\"async\" class=\"swiper-slide-image\" src=\"https:\/\/santuariodmbasilicadelsalvador.cl\/wp-content\/uploads\/2025\/07\/Imagen-de-WhatsApp-2025-07-31-a-las-12.50.04_6607e1b5.jpg\" alt=\"Imagen de WhatsApp 2025-07-31 a las 12.50.04_6607e1b5\" \/><\/figure><\/div><div class=\"swiper-slide\" role=\"group\" aria-roledescription=\"slide\" aria-label=\"3 de 10\"><figure class=\"swiper-slide-inner\"><img decoding=\"async\" class=\"swiper-slide-image\" src=\"https:\/\/santuariodmbasilicadelsalvador.cl\/wp-content\/uploads\/2025\/08\/50211518458_f44c073969_z.jpg\" alt=\"50211518458_f44c073969_z\" \/><\/figure><\/div><div class=\"swiper-slide\" role=\"group\" aria-roledescription=\"slide\" aria-label=\"4 de 10\"><figure class=\"swiper-slide-inner\"><img decoding=\"async\" class=\"swiper-slide-image\" src=\"https:\/\/santuariodmbasilicadelsalvador.cl\/wp-content\/uploads\/2025\/08\/Imagen-de-WhatsApp-2025-07-31-a-las-15.16.02_d1be073a.jpg\" alt=\"Imagen de WhatsApp 2025-07-31 a las 15.16.02_d1be073a\" \/><\/figure><\/div><div class=\"swiper-slide\" role=\"group\" aria-roledescription=\"slide\" aria-label=\"5 de 10\"><figure class=\"swiper-slide-inner\"><img decoding=\"async\" class=\"swiper-slide-image\" src=\"https:\/\/santuariodmbasilicadelsalvador.cl\/wp-content\/uploads\/2025\/08\/Imagen-de-WhatsApp-2025-05-11-a-las-11.12.46_e56be34e.jpg\" alt=\"Imagen de WhatsApp 2025-05-11 a las 11.12.46_e56be34e\" \/><\/figure><\/div><div class=\"swiper-slide\" role=\"group\" aria-roledescription=\"slide\" aria-label=\"6 de 10\"><figure class=\"swiper-slide-inner\"><img decoding=\"async\" class=\"swiper-slide-image\" src=\"https:\/\/santuariodmbasilicadelsalvador.cl\/wp-content\/uploads\/2025\/08\/Imagen-de-WhatsApp-2025-07-31-a-las-12.50.04_6607e1b5.jpg\" alt=\"Imagen de WhatsApp 2025-07-31 a las 12.50.04_6607e1b5\" \/><\/figure><\/div><div class=\"swiper-slide\" role=\"group\" aria-roledescription=\"slide\" aria-label=\"7 de 10\"><figure class=\"swiper-slide-inner\"><img decoding=\"async\" class=\"swiper-slide-image\" src=\"https:\/\/santuariodmbasilicadelsalvador.cl\/wp-content\/uploads\/2025\/08\/Imagen-de-WhatsApp-2025-05-11-a-las-10.54.59_cbdefda6.jpg\" alt=\"Imagen de WhatsApp 2025-05-11 a las 10.54.59_cbdefda6\" \/><\/figure><\/div><div class=\"swiper-slide\" role=\"group\" aria-roledescription=\"slide\" aria-label=\"8 de 10\"><figure class=\"swiper-slide-inner\"><img decoding=\"async\" class=\"swiper-slide-image\" src=\"https:\/\/santuariodmbasilicadelsalvador.cl\/wp-content\/uploads\/2025\/08\/Imagen-de-WhatsApp-2025-05-11-a-las-10.54.57_796771ff.jpg\" alt=\"Imagen de WhatsApp 2025-05-11 a las 10.54.57_796771ff\" \/><\/figure><\/div><div class=\"swiper-slide\" role=\"group\" aria-roledescription=\"slide\" aria-label=\"9 de 10\"><figure class=\"swiper-slide-inner\"><img decoding=\"async\" class=\"swiper-slide-image\" src=\"https:\/\/santuariodmbasilicadelsalvador.cl\/wp-content\/uploads\/2025\/08\/Imagen-de-WhatsApp-2025-05-11-a-las-10.27.28_56e06a01.jpg\" alt=\"Imagen de WhatsApp 2025-05-11 a las 10.27.28_56e06a01\" \/><\/figure><\/div><div class=\"swiper-slide\" role=\"group\" aria-roledescription=\"slide\" aria-label=\"10 de 10\"><figure class=\"swiper-slide-inner\"><img decoding=\"async\" class=\"swiper-slide-image\" src=\"https:\/\/santuariodmbasilicadelsalvador.cl\/wp-content\/uploads\/2025\/08\/Imagen-de-WhatsApp-2025-05-11-a-las-09.41.12_a3f4397c.jpg\" alt=\"Imagen de WhatsApp 2025-05-11 a las 09.41.12_a3f4397c\" \/><\/figure><\/div>\t\t\t<\/div>\n\t\t\t\t\t\t\t\t\t\t\t\t<div class=\"elementor-swiper-button elementor-swiper-button-prev\" role=\"button\" tabindex=\"0\">\n\t\t\t\t\t\t<svg aria-hidden=\"true\" class=\"e-font-icon-svg e-eicon-chevron-left\" viewBox=\"0 0 1000 1000\" xmlns=\"http:\/\/www.w3.org\/2000\/svg\"><path d=\"M646 125C629 125 613 133 604 142L308 442C296 454 292 471 292 487 292 504 296 521 308 533L604 854C617 867 629 875 646 875 663 875 679 871 692 858 704 846 713 829 713 812 713 796 708 779 692 767L438 487 692 225C700 217 708 204 708 187 708 171 704 154 692 142 675 129 663 125 646 125Z\"><\/path><\/svg>\t\t\t\t\t<\/div>\n\t\t\t\t\t<div class=\"elementor-swiper-button elementor-swiper-button-next\" role=\"button\" tabindex=\"0\">\n\t\t\t\t\t\t<svg aria-hidden=\"true\" class=\"e-font-icon-svg e-eicon-chevron-right\" viewBox=\"0 0 1000 1000\" xmlns=\"http:\/\/www.w3.org\/2000\/svg\"><path d=\"M696 533C708 521 713 504 713 487 713 471 708 454 696 446L400 146C388 133 375 125 354 125 338 125 325 129 313 142 300 154 292 171 292 187 292 204 296 221 308 233L563 492 304 771C292 783 288 800 288 817 288 833 296 850 308 863 321 871 338 875 354 875 371 875 388 867 400 854L696 533Z\"><\/path><\/svg>\t\t\t\t\t<\/div>\n\t\t\t\t\n\t\t\t\t\t\t\t\t\t<div class=\"swiper-pagination\"><\/div>\n\t\t\t\t\t\t\t\t\t<\/div>\n\t\t\t\t\t\t<\/div>\n\t\t\t\t\t<\/div>\n\t\t\t\t<\/div>\n\t\t\t\t<\/div>\n\t\t","protected":false},"excerpt":{"rendered":"<p>Historia de la Bas\u00edlica de El Salvador. La historia de la Bas\u00edlica de El Salvador comienza a partir de una tragedia: el incendio de la iglesia de San Miguel de la Compa\u00f1\u00eda, ocurrido el 8 de diciembre de 1863, en el que murieron cerca de 2.000 personas. Este templo se encontraba en la esquina de&#8230;<\/p>\n","protected":false},"author":1,"featured_media":0,"parent":0,"menu_order":0,"comment_status":"closed","ping_status":"closed","template":"","meta":{"_kad_post_transparent":"","_kad_post_title":"hide","_kad_post_layout":"fullwidth","_kad_post_sidebar_id":"","_kad_post_content_style":"unboxed","_kad_post_vertical_padding":"hide","_kad_post_feature":"hide","_kad_post_feature_position":"","_kad_post_header":false,"_kad_post_footer":false,"footnotes":""},"class_list":["post-10","page","type-page","status-publish","hentry"],"_links":{"self":[{"href":"https:\/\/santuariodmbasilicadelsalvador.cl\/index.php\/wp-json\/wp\/v2\/pages\/10","targetHints":{"allow":["GET"]}}],"collection":[{"href":"https:\/\/santuariodmbasilicadelsalvador.cl\/index.php\/wp-json\/wp\/v2\/pages"}],"about":[{"href":"https:\/\/santuariodmbasilicadelsalvador.cl\/index.php\/wp-json\/wp\/v2\/types\/page"}],"author":[{"embeddable":true,"href":"https:\/\/santuariodmbasilicadelsalvador.cl\/index.php\/wp-json\/wp\/v2\/users\/1"}],"replies":[{"embeddable":true,"href":"https:\/\/santuariodmbasilicadelsalvador.cl\/index.php\/wp-json\/wp\/v2\/comments?post=10"}],"version-history":[{"count":43,"href":"https:\/\/santuariodmbasilicadelsalvador.cl\/index.php\/wp-json\/wp\/v2\/pages\/10\/revisions"}],"predecessor-version":[{"id":279,"href":"https:\/\/santuariodmbasilicadelsalvador.cl\/index.php\/wp-json\/wp\/v2\/pages\/10\/revisions\/279"}],"wp:attachment":[{"href":"https:\/\/santuariodmbasilicadelsalvador.cl\/index.php\/wp-json\/wp\/v2\/media?parent=10"}],"curies":[{"name":"wp","href":"https:\/\/api.w.org\/{rel}","templated":true}]}}